{"id":243,"date":"2025-08-20T13:09:51","date_gmt":"2025-08-20T13:09:51","guid":{"rendered":"https:\/\/arkitekt.bergstrom.guru\/?page_id=243"},"modified":"2025-08-21T17:14:59","modified_gmt":"2025-08-21T17:14:59","slug":"sporreundersokelse","status":"publish","type":"page","link":"https:\/\/arkitekt.bergstrom.guru\/index.php\/sporreundersokelse\/","title":{"rendered":"Sp\u00f8rreunders\u00f8kelse"},"content":{"rendered":"\n<h2 class=\"wp-block-heading\">Fint om du tar deg tid til \u00e5 svare p\u00e5 sp\u00f8rreunders\u00f8kelsen slik at komiteen f\u00e5r mer \u00e5 jobbe med n\u00e5r de m\u00f8tes og skal lage det endelige programmet<\/h2>\n\n\n\n<p>Du kan krysse av for flere svaralternativer! Du kan velge \u00e5 svare anonymt, men det er fint om du skriver navnet ditt!<\/p>\n\n\n<div class=\"wp-block-jetpack-contact-form\"><a href=\"https:\/\/arkitekt.bergstrom.guru\/index.php\/sporreundersokelse\/\" target=\"_blank\" rel=\"noopener noreferrer\">Send inn et skjema.<\/a><\/div>\n\n\n<p><\/p>\n","protected":false},"excerpt":{"rendered":"<p>Fint om du tar deg tid til \u00e5 svare p\u00e5 sp\u00f8rreunders\u00f8kelsen slik at komiteen f\u00e5r mer \u00e5 jobbe med n\u00e5r de m\u00f8tes og skal lage det endelige programmet Du kan krysse av for flere svaralternativer! Du kan velge \u00e5 svare anonymt, men det er fint om du skriver navnet ditt!<\/p>\n","protected":false},"author":1,"featured_media":0,"parent":0,"menu_order":0,"comment_status":"closed","ping_status":"closed","template":"","meta":{"jetpack_post_was_ever_published":false,"footnotes":""},"class_list":["post-243","page","type-page","status-publish","hentry"],"jetpack_sharing_enabled":true,"jetpack_shortlink":"https:\/\/wp.me\/P6fVdi-3V","_links":{"self":[{"href":"https:\/\/arkitekt.bergstrom.guru\/index.php\/wp-json\/wp\/v2\/pages\/243","targetHints":{"allow":["GET"]}}],"collection":[{"href":"https:\/\/arkitekt.bergstrom.guru\/index.php\/wp-json\/wp\/v2\/pages"}],"about":[{"href":"https:\/\/arkitekt.bergstrom.guru\/index.php\/wp-json\/wp\/v2\/types\/page"}],"author":[{"embeddable":true,"href":"https:\/\/arkitekt.bergstrom.guru\/index.php\/wp-json\/wp\/v2\/users\/1"}],"replies":[{"embeddable":true,"href":"https:\/\/arkitekt.bergstrom.guru\/index.php\/wp-json\/wp\/v2\/comments?post=243"}],"version-history":[{"count":15,"href":"https:\/\/arkitekt.bergstrom.guru\/index.php\/wp-json\/wp\/v2\/pages\/243\/revisions"}],"predecessor-version":[{"id":274,"href":"https:\/\/arkitekt.bergstrom.guru\/index.php\/wp-json\/wp\/v2\/pages\/243\/revisions\/274"}],"wp:attachment":[{"href":"https:\/\/arkitekt.bergstrom.guru\/index.php\/wp-json\/wp\/v2\/media?parent=243"}],"curies":[{"name":"wp","href":"https:\/\/api.w.org\/{rel}","templated":true}]}}