{"id":238,"date":"2025-08-20T12:38:41","date_gmt":"2025-08-20T12:38:41","guid":{"rendered":"https:\/\/arkitekt.bergstrom.guru\/?page_id=238"},"modified":"2025-08-20T13:17:10","modified_gmt":"2025-08-20T13:17:10","slug":"bilder","status":"publish","type":"page","link":"https:\/\/arkitekt.bergstrom.guru\/index.php\/bilder\/","title":{"rendered":"Bilder"},"content":{"rendered":"\n<h2 class=\"wp-block-heading\">Bilder fra studietida i Trondheim etterlyses!<\/h2>\n\n\n\n<p>Har du noen bilder fra studietida? Fra NTH, Samfundet, studieturer eller annet relevant fra \u00e5rene som student i Tondheim s\u00e5 er det fint om du sender de til Roald s\u00e5 skal jeg publisere de her! Dersom bildene ikke er digitale \u00e5 kan du bare bruke mobiltelefonen og ta et bilde og sende!<\/p>\n\n\n\n<p><\/p>\n\n\n\n<figure class=\"wp-block-video\"><video controls src=\"https:\/\/arkitekt.bergstrom.guru\/wp-content\/uploads\/2025\/08\/Grok-Video-A0D47FBB-F5E8-41E6-9BCC-D29602818CA0.mov\"><\/video><\/figure>\n","protected":false},"excerpt":{"rendered":"<p>Bilder fra studietida i Trondheim etterlyses! Har du noen bilder fra studietida? Fra NTH, Samfundet, studieturer eller annet relevant fra \u00e5rene som student i Tondheim s\u00e5 er det fint om du sender de til Roald s\u00e5 skal jeg publisere de her! Dersom bildene ikke er digitale \u00e5 kan du bare bruke mobiltelefonen og ta et &hellip; <a href=\"https:\/\/arkitekt.bergstrom.guru\/index.php\/bilder\/\" class=\"more-link\">Fortsett \u00e5 lese <span class=\"screen-reader-text\">Bilder<\/span> <span class=\"meta-nav\">&rarr;<\/span><\/a><\/p>\n","protected":false},"author":1,"featured_media":0,"parent":0,"menu_order":0,"comment_status":"closed","ping_status":"closed","template":"","meta":{"jetpack_post_was_ever_published":false,"footnotes":""},"class_list":["post-238","page","type-page","status-publish","hentry"],"jetpack_sharing_enabled":true,"jetpack_shortlink":"https:\/\/wp.me\/P6fVdi-3Q","_links":{"self":[{"href":"https:\/\/arkitekt.bergstrom.guru\/index.php\/wp-json\/wp\/v2\/pages\/238","targetHints":{"allow":["GET"]}}],"collection":[{"href":"https:\/\/arkitekt.bergstrom.guru\/index.php\/wp-json\/wp\/v2\/pages"}],"about":[{"href":"https:\/\/arkitekt.bergstrom.guru\/index.php\/wp-json\/wp\/v2\/types\/page"}],"author":[{"embeddable":true,"href":"https:\/\/arkitekt.bergstrom.guru\/index.php\/wp-json\/wp\/v2\/users\/1"}],"replies":[{"embeddable":true,"href":"https:\/\/arkitekt.bergstrom.guru\/index.php\/wp-json\/wp\/v2\/comments?post=238"}],"version-history":[{"count":5,"href":"https:\/\/arkitekt.bergstrom.guru\/index.php\/wp-json\/wp\/v2\/pages\/238\/revisions"}],"predecessor-version":[{"id":250,"href":"https:\/\/arkitekt.bergstrom.guru\/index.php\/wp-json\/wp\/v2\/pages\/238\/revisions\/250"}],"wp:attachment":[{"href":"https:\/\/arkitekt.bergstrom.guru\/index.php\/wp-json\/wp\/v2\/media?parent=238"}],"curies":[{"name":"wp","href":"https:\/\/api.w.org\/{rel}","templated":true}]}}