{"id":210,"date":"2025-08-19T21:14:19","date_gmt":"2025-08-19T21:14:19","guid":{"rendered":"https:\/\/arkitekt.bergstrom.guru\/?page_id=210"},"modified":"2025-08-19T21:14:19","modified_gmt":"2025-08-19T21:14:19","slug":"pamelding","status":"publish","type":"page","link":"https:\/\/arkitekt.bergstrom.guru\/index.php\/pamelding\/","title":{"rendered":"P\u00e5melding"},"content":{"rendered":"\n<h2 class=\"wp-block-heading\">Jeg vil gjerne delta p\u00e5 samlingen i Trondheim i juni 2026<\/h2>\n\n\n\n<p><strong>Forel\u00f8pig p\u00e5melding, bindene p\u00e5melding kommer senere<\/strong><\/p>\n\n\n<div class=\"wp-block-jetpack-contact-form\"><a href=\"https:\/\/arkitekt.bergstrom.guru\/index.php\/pamelding\/\" target=\"_blank\" rel=\"noopener noreferrer\">Send inn et skjema.<\/a><\/div>","protected":false},"excerpt":{"rendered":"<p>Jeg vil gjerne delta p\u00e5 samlingen i Trondheim i juni 2026 Forel\u00f8pig p\u00e5melding, bindene p\u00e5melding kommer senere<\/p>\n","protected":false},"author":1,"featured_media":0,"parent":0,"menu_order":0,"comment_status":"closed","ping_status":"closed","template":"","meta":{"jetpack_post_was_ever_published":false,"footnotes":""},"class_list":["post-210","page","type-page","status-publish","hentry"],"jetpack_sharing_enabled":true,"jetpack_shortlink":"https:\/\/wp.me\/P6fVdi-3o","_links":{"self":[{"href":"https:\/\/arkitekt.bergstrom.guru\/index.php\/wp-json\/wp\/v2\/pages\/210","targetHints":{"allow":["GET"]}}],"collection":[{"href":"https:\/\/arkitekt.bergstrom.guru\/index.php\/wp-json\/wp\/v2\/pages"}],"about":[{"href":"https:\/\/arkitekt.bergstrom.guru\/index.php\/wp-json\/wp\/v2\/types\/page"}],"author":[{"embeddable":true,"href":"https:\/\/arkitekt.bergstrom.guru\/index.php\/wp-json\/wp\/v2\/users\/1"}],"replies":[{"embeddable":true,"href":"https:\/\/arkitekt.bergstrom.guru\/index.php\/wp-json\/wp\/v2\/comments?post=210"}],"version-history":[{"count":1,"href":"https:\/\/arkitekt.bergstrom.guru\/index.php\/wp-json\/wp\/v2\/pages\/210\/revisions"}],"predecessor-version":[{"id":212,"href":"https:\/\/arkitekt.bergstrom.guru\/index.php\/wp-json\/wp\/v2\/pages\/210\/revisions\/212"}],"wp:attachment":[{"href":"https:\/\/arkitekt.bergstrom.guru\/index.php\/wp-json\/wp\/v2\/media?parent=210"}],"curies":[{"name":"wp","href":"https:\/\/api.w.org\/{rel}","templated":true}]}}