{"id":181,"date":"2025-08-19T19:35:14","date_gmt":"2025-08-19T19:35:14","guid":{"rendered":"https:\/\/arkitekt.bergstrom.guru\/?page_id=181"},"modified":"2025-08-20T12:19:33","modified_gmt":"2025-08-20T12:19:33","slug":"jubileumssamling-2026","status":"publish","type":"page","link":"https:\/\/arkitekt.bergstrom.guru\/","title":{"rendered":"Jubileumssamling 2026"},"content":{"rendered":"\n<p><\/p>\n\n\n\n<figure class=\"wp-block-image size-full\"><a href=\"https:\/\/arkitekt.bergstrom.guru\/wp-content\/uploads\/2025\/08\/pexels-photo-1109541.jpeg\"><img loading=\"lazy\" decoding=\"async\" width=\"1880\" height=\"1253\" src=\"https:\/\/arkitekt.bergstrom.guru\/wp-content\/uploads\/2025\/08\/pexels-photo-1109541.jpeg\" alt=\"person holding black pen\" class=\"wp-image-185\" srcset=\"https:\/\/arkitekt.bergstrom.guru\/wp-content\/uploads\/2025\/08\/pexels-photo-1109541.jpeg 1880w, https:\/\/arkitekt.bergstrom.guru\/wp-content\/uploads\/2025\/08\/pexels-photo-1109541-300x200.jpeg 300w, https:\/\/arkitekt.bergstrom.guru\/wp-content\/uploads\/2025\/08\/pexels-photo-1109541-1024x682.jpeg 1024w, https:\/\/arkitekt.bergstrom.guru\/wp-content\/uploads\/2025\/08\/pexels-photo-1109541-768x512.jpeg 768w, https:\/\/arkitekt.bergstrom.guru\/wp-content\/uploads\/2025\/08\/pexels-photo-1109541-1536x1024.jpeg 1536w\" sizes=\"auto, (max-width: 1880px) 100vw, 1880px\" \/><\/a><figcaption class=\"wp-element-caption\">Photo by Lex Photography on <a href=\"https:\/\/www.pexels.com\/photo\/person-holding-black-pen-1109541\/\" rel=\"nofollow\">Pexels.com<\/a><\/figcaption><\/figure>\n\n\n\n<h2 class=\"wp-block-heading\">Gjenforening<\/h2>\n\n\n\n<p>Det er 50 \u00e5r siden vi gikk ut fra NTH i Trondheim som unge arkitekter. De fleste av oss ble arkitekter, noen ble noe helt annet! <\/p>\n\n\n\n<p>Vi har hatt et langt liv i en verden i stor utvikling. N\u00e5 er vi nesten alle blitt pensjonister, men vi har hatt en felles reise med ulikt innhold fra 1975 til i dag. <\/p>\n\n\n\n<p>Det er tid for \u00e5 m\u00f8tes og jeg h\u00e5per s\u00e5 mange som mulig kommer p\u00e5 den planlagte gjenforeningen sommeren 2026. Vi skulle egentlig m\u00f8tes for 5 \u00e5r siden, men s\u00e5 kom pandemien og det ble ikke noe av. <\/p>\n\n\n\n<p>Jeg startet med ei adresseliste p\u00e5 over 60, men etter det jeg har funnet ut s\u00e5 har 7 g\u00e5tt bort og 7 har meldt ifra om at de f\u00f8ler st\u00f8rre tilh\u00f8rlighet til et annet kull.<\/p>\n\n\n\n<p>Det har v\u00e6rt flere forslag om hvor vi kunne m\u00f8tes: Eilin har foresl\u00e5tt Kristiansand, Birger har foresl\u00e5tt Fredrikstad, Tore har foresl\u00e5tt Trondheim og jeg har foresl\u00e5tt en sommersamling p\u00e5 Stiklestad. Men jeg tror vi holder oss til Trondheim: Det var der v\u00e5r reise begynte!<\/p>\n\n\n\n<p><\/p>\n\n\n\n<h2 class=\"wp-block-heading\">Forslag til program<\/h2>\n\n\n\n<p><a><strong>50-\u00e5rsjubileum for arkitekter fra NTH (1975\/76)<\/strong><\/a><\/p>\n\n\n\n<p><strong><em><u>Fredag \u2013 Gjenforening og mimring<\/u><\/em><\/strong><\/p>\n\n\n\n<p><strong>Ankomst fra kl 17.00<\/strong><\/p>\n\n\n\n<ul class=\"wp-block-list\">\n<li>Innsjekking og uformell mimring i baren\/resepsjonsomr\u00e5det<\/li>\n\n\n\n<li>Snack og forfriskninger<\/li>\n<\/ul>\n\n\n\n<p><strong>Velkomstmiddag kl 19.00<\/strong><\/p>\n\n\n\n<p>Sted: Hotellets restaurant\/spisesal<\/p>\n\n\n\n<ul class=\"wp-block-list\">\n<li>Velkomsttale<\/li>\n\n\n\n<li>Presentasjonsrunde: Kort introduksjon av de fremm\u00f8tte: Navn, bosted, hva gj\u00f8r du n\u00e5?<\/li>\n\n\n\n<li>\u00c5rgang 1975: Hvordan var tiden som student?<\/li>\n<\/ul>\n\n\n\n<p><strong>Sosialt samv\u00e6r kl 22.00<\/strong><\/p>\n\n\n\n<ul class=\"wp-block-list\">\n<li>Bar, kaffe avec<\/li>\n\n\n\n<li>Nostalgisk quiz med bilder og hendelser fra studietiden<\/li>\n<\/ul>\n\n\n\n<p><strong><em><u>L\u00f8rdag \u2013 Fag, refleksjon og fest<\/u><\/em><\/strong><\/p>\n\n\n\n<p><strong>08.30: Frokost<\/strong><\/p>\n\n\n\n<p><strong>10.00: Faglig sesjon: 50 \u00e5r i arkitekturens tjeneste<\/strong><\/p>\n\n\n\n<ul class=\"wp-block-list\">\n<li>Arkitektur i endring: Fra tegnemaskin til PC og AI. Hvordan endrer teknologien faget?<\/li>\n\n\n\n<li>Hva har vi l\u00e6rt og hva ville vi gjort annerledes?<\/li>\n\n\n\n<li>Hva ville vi sagt til oss selv som nyutdannede arkitekter?<\/li>\n\n\n\n<li>Byutvikling i Trondheim siden 70-tallet: Hva ble bra og hva savnes?<\/li>\n\n\n\n<li>Dragvoll legges ned: Studentene flytter til byen<\/li>\n\n\n\n<li>M\u00f8te med arkitektstudenter ved NTNU som forteller om dagens undervisning<\/li>\n\n\n\n<li>Panel\/\u00e5pen samtale: Erfaringer fra et langt liv<\/li>\n<\/ul>\n\n\n\n<p><strong>12.00: Lunsj ute p\u00e5 byen<\/strong><\/p>\n\n\n\n<p><strong>13.30: Utflukt\/byvandring\/omvisning<\/strong><\/p>\n\n\n\n<ul class=\"wp-block-list\">\n<li>Bes\u00f8k til et nytt eller gammelt arkitektonisk interessant bygg eller bygninger<\/li>\n\n\n\n<li>Arkitektfokusert byvandring: Powerhouse Bratt\u00f8rkaia. Bakklandet. Bryggene.<\/li>\n<\/ul>\n\n\n\n<ul class=\"wp-block-list\">\n<li>Dersom du ikke kan bli med p\u00e5 byvandring s\u00e5 kan du se en ettermiddagsforestillingen p\u00e5 byens nye Hjorten Nye Teater<\/li>\n<\/ul>\n\n\n\n<p><strong>19.00: Jubileumsmiddag p\u00e5 et hyggelig sted<\/strong><\/p>\n\n\n\n<p>Aperitiff og gruppefoto<\/p>\n\n\n\n<p>Festmiddag<\/p>\n\n\n\n<ul class=\"wp-block-list\">\n<li>Tale 1: Mitt liv som arkitekt!<\/li>\n\n\n\n<li>Tale 2: Jeg ble aldri arkitekt!<\/li>\n\n\n\n<li>Sosialt samv\u00e6r til langt p\u00e5 natt!<\/li>\n<\/ul>\n\n\n\n<p><strong><em><u>S\u00f8ndag: Avrunding og avskjed<\/u><\/em><\/strong><\/p>\n\n\n\n<p><strong>09.00: Frokost<\/strong><\/p>\n\n\n\n<p><strong>10.00: Arkitektarven v\u00e5r fra NTH. Hva tok vi med oss videre? Uformelle samtaler<\/strong><\/p>\n\n\n\n<p>Nytt gruppebilde<\/p>\n\n\n\n<p><strong>11.30: Takk for n\u00e5 og god reise heim<\/strong><\/p>\n\n\n\n<p>De som \u00f8nsker det kan fortsette byvandringen i Trondheim eller eventuelt bes\u00f8ke Nye Samfunnet.<\/p>\n\n\n\n<p><strong><em>N\u00e5 har over 30 sagt at de gjerne kommer slik at det ser ut til \u00e5 bli en samling med mange fra kullet. Vi h\u00e5per at s\u00e5 mange som mulig kan bli med.<\/em><\/strong><\/p>\n\n\n\n<p><strong><em>Vi har ikke tatt standpunkt til om samboer\/ektefelle kan bli med. Hva mener dere?<\/em><\/strong><\/p>\n\n\n\n<p><strong><em><u>Programmet<\/u><\/em><\/strong><\/p>\n\n\n\n<p><strong>Programmet er et forel\u00f8pig utgangspunkt! Kom gjerne med innspill b\u00e5de til tema og til hvem som kan holde innlegg.<\/strong><\/p>\n\n\n\n<p><strong>Dersom du kan tenke deg \u00e5 holde et lite innlegg\/tale s\u00e5 ville det v\u00e6rt veldig bra!<\/strong> <br>G\u00e5 gjerne inn p\u00e5 siden for kommentarer og skriv inn ditt forslag!<\/p>\n\n\n\n<p>Tore, Eilin, \u00c5ge og Roald skal m\u00f8tes for \u00e5 bestemme endelig tidspunkt og program for samlingen. Vi holder av 5., 6. og 7. juni 2026 som aktuell dato.<\/p>\n\n\n\n<p>Send innspill til program til <a href=\"mailto:roald.bergstrom@tronder.no\">roald.bergstrom@tronder.no<\/a><\/p>\n","protected":false},"excerpt":{"rendered":"<p>Gjenforening Det er 50 \u00e5r siden vi gikk ut fra NTH i Trondheim som unge arkitekter. De fleste av oss ble arkitekter, noen ble noe helt annet! Vi har hatt et langt liv i en verden i stor utvikling. N\u00e5 er vi nesten alle blitt pensjonister, men vi har hatt en felles reise med ulikt &hellip; <a href=\"https:\/\/arkitekt.bergstrom.guru\/\" class=\"more-link\">Fortsett \u00e5 lese <span class=\"screen-reader-text\">Jubileumssamling 2026<\/span> <span class=\"meta-nav\">&rarr;<\/span><\/a><\/p>\n","protected":false},"author":1,"featured_media":0,"parent":0,"menu_order":0,"comment_status":"closed","ping_status":"closed","template":"","meta":{"jetpack_post_was_ever_published":false,"footnotes":""},"class_list":["post-181","page","type-page","status-publish","hentry"],"jetpack_sharing_enabled":true,"jetpack_shortlink":"https:\/\/wp.me\/P6fVdi-2V","_links":{"self":[{"href":"https:\/\/arkitekt.bergstrom.guru\/index.php\/wp-json\/wp\/v2\/pages\/181","targetHints":{"allow":["GET"]}}],"collection":[{"href":"https:\/\/arkitekt.bergstrom.guru\/index.php\/wp-json\/wp\/v2\/pages"}],"about":[{"href":"https:\/\/arkitekt.bergstrom.guru\/index.php\/wp-json\/wp\/v2\/types\/page"}],"author":[{"embeddable":true,"href":"https:\/\/arkitekt.bergstrom.guru\/index.php\/wp-json\/wp\/v2\/users\/1"}],"replies":[{"embeddable":true,"href":"https:\/\/arkitekt.bergstrom.guru\/index.php\/wp-json\/wp\/v2\/comments?post=181"}],"version-history":[{"count":6,"href":"https:\/\/arkitekt.bergstrom.guru\/index.php\/wp-json\/wp\/v2\/pages\/181\/revisions"}],"predecessor-version":[{"id":236,"href":"https:\/\/arkitekt.bergstrom.guru\/index.php\/wp-json\/wp\/v2\/pages\/181\/revisions\/236"}],"wp:attachment":[{"href":"https:\/\/arkitekt.bergstrom.guru\/index.php\/wp-json\/wp\/v2\/media?parent=181"}],"curies":[{"name":"wp","href":"https:\/\/api.w.org\/{rel}","templated":true}]}}