{"id":134,"date":"2019-09-29T21:15:57","date_gmt":"2019-09-29T21:15:57","guid":{"rendered":"http:\/\/arkitekt.bergstrom.guru\/?page_id=134"},"modified":"2025-08-21T14:18:27","modified_gmt":"2025-08-21T14:18:27","slug":"adresseoppdatering","status":"publish","type":"page","link":"https:\/\/arkitekt.bergstrom.guru\/index.php\/adresseoppdatering\/","title":{"rendered":"Oppdater kontaktdata"},"content":{"rendered":"\n<h2 class=\"wp-block-heading\">Vennligst oppdater kontaktdata slik at du f\u00e5r informasjon fra oss<\/h2>\n\n\n\n<p>Det er mange som har skiftet epostadresser. Grunnen til det er at mange antagelig er i overgang fra jobb til pensjon og har kanskje f\u00e5tt en ny privat epostadresse. <\/p>\n\n\n\n<p>Navn, epost og telefon er n\u00f8dvendig, men ta gjerne med bostedsadressen din ogs\u00e5!<\/p>\n\n\n\n<p><\/p>\n\n\n<div class=\"wp-block-jetpack-contact-form\"><a href=\"https:\/\/arkitekt.bergstrom.guru\/index.php\/adresseoppdatering\/\" target=\"_blank\" rel=\"noopener noreferrer\">Send inn et skjema.<\/a><\/div>","protected":false},"excerpt":{"rendered":"<p>Vennligst oppdater kontaktdata slik at du f\u00e5r informasjon fra oss Det er mange som har skiftet epostadresser. Grunnen til det er at mange antagelig er i overgang fra jobb til pensjon og har kanskje f\u00e5tt en ny privat epostadresse. Navn, epost og telefon er n\u00f8dvendig, men ta gjerne med bostedsadressen din ogs\u00e5!<\/p>\n","protected":false},"author":1,"featured_media":0,"parent":0,"menu_order":2,"comment_status":"closed","ping_status":"closed","template":"","meta":{"jetpack_post_was_ever_published":false,"footnotes":""},"class_list":["post-134","page","type-page","status-publish","hentry"],"jetpack_sharing_enabled":true,"jetpack_shortlink":"https:\/\/wp.me\/P6fVdi-2a","_links":{"self":[{"href":"https:\/\/arkitekt.bergstrom.guru\/index.php\/wp-json\/wp\/v2\/pages\/134","targetHints":{"allow":["GET"]}}],"collection":[{"href":"https:\/\/arkitekt.bergstrom.guru\/index.php\/wp-json\/wp\/v2\/pages"}],"about":[{"href":"https:\/\/arkitekt.bergstrom.guru\/index.php\/wp-json\/wp\/v2\/types\/page"}],"author":[{"embeddable":true,"href":"https:\/\/arkitekt.bergstrom.guru\/index.php\/wp-json\/wp\/v2\/users\/1"}],"replies":[{"embeddable":true,"href":"https:\/\/arkitekt.bergstrom.guru\/index.php\/wp-json\/wp\/v2\/comments?post=134"}],"version-history":[{"count":7,"href":"https:\/\/arkitekt.bergstrom.guru\/index.php\/wp-json\/wp\/v2\/pages\/134\/revisions"}],"predecessor-version":[{"id":258,"href":"https:\/\/arkitekt.bergstrom.guru\/index.php\/wp-json\/wp\/v2\/pages\/134\/revisions\/258"}],"wp:attachment":[{"href":"https:\/\/arkitekt.bergstrom.guru\/index.php\/wp-json\/wp\/v2\/media?parent=134"}],"curies":[{"name":"wp","href":"https:\/\/api.w.org\/{rel}","templated":true}]}}